{"id":2281,"date":"2022-02-28T02:01:24","date_gmt":"2022-02-28T00:01:24","guid":{"rendered":"https:\/\/ursulamarti.ch\/?page_id=2281"},"modified":"2026-01-30T01:39:40","modified_gmt":"2026-01-29T23:39:40","slug":"ueber-mich-2","status":"publish","type":"page","link":"https:\/\/ursulamarti.ch\/?page_id=2281","title":{"rendered":"Pers\u00f6nlich"},"content":{"rendered":"<p><strong>Politische Stationen<\/strong><\/p>\n<p>2022 und 2018 Wiederwahl als Grossr\u00e4tin mit einem Spitzenresultat<br \/>\n2014 &#8211; 2018 Pr\u00e4sidentin SP Kanton Bern<br \/>\n2014 Wiederwahl als Grossr\u00e4tin mit der h\u00f6chsten Stimmenzahl aller Kandidierender<br \/>\n2013 Eintritt in den Grossen Rat (Finanzkommission)<br \/>\n2012 Stadtratspr\u00e4sidentin<br \/>\n2006-2013 Stadtr\u00e4tin (Agglomerationskommission, Kommission f\u00fcr Soziales, Bildung, Kultur)<br \/>\n1998-2000 Co-Pr\u00e4sidentin SP Frauen Stadt Bern<br \/>\n1997-2005 Vorstand SP L\u00e4nggasse-Felsenau<\/p>\n<p><strong>Privat<\/strong><br \/>\nIch lebe mit meinem Mann, Paul Reichardt, im Berner L\u00e4nggassquartier. Wir haben zwei erwachsene Kinder. Geboren wurde ich 1966 und zwar am 1. Mai &#8211; mein erster politischer Akt. Aufgewachsen bin ich in Aarberg, im Berner Seeland. Ich bin dieser Gegend immer noch verbunden und kenne pers\u00f6nlich keinen Stadt-Land-Graben. In meiner Freizeit gehe ich gerne auf Reisen, ins Kino, Theater und in Ausstellungen, spiele Tennis, singe in einem Chor und sammle Kochrezepte aus aller Welt. Diese probiere ich nat\u00fcrlich auch aus, (meist) zur Freude von Familie und G\u00e4sten.<\/p>\n<p><strong>Beruf<\/strong><br \/>\nIch habe ein eigenes B\u00fcro f\u00fcr Kommunikationsberatung, die &#8222;wortreich gmbh&#8220;. Ich teile mir mit f\u00fcnf anderen Firmeninhaberinnen ein Gemeinschaftsb\u00fcro im Zentrum von Bern. Mein bevorzugtes Ausdrucksmittel ist die Sprache, so betreue ich Mandate als Redaktionsleiterin, Konzepterin und Texterin und moderiere Workshops, Podien und Anl\u00e4sse. Ich \u00fcbernehme Projektleitungen und berate Organisationen und Einzelpersonen in Fragen der Kommunikation, Strategie, F\u00fchrung, Arbeitsorganisation und in herausfordernden Situationen. Ich bin diplomierte PR-Beraterin und habe ein MAS-Studium in Coaching nach systemisch-l\u00f6sungsorientiertem Ansatz.<br \/>\n<a href=\"http:\/\/www.wortreich-gmbh.ch\">www.wortreich-gmbh,ch<\/a>.<br \/>\nIm Jahr 2021 erhielt ich eine neue grosse berufliche Chance. Ich wurde als Synodalr\u00e4tin der Reformierten Kirchen Bern-Jura-Solothurn gew\u00e4hlt. Ich bin Mitglied der Kirchenregierung und Departementschefin der Sozialdiakonie. Diese Aufgabe &#8211; ein Teilzeitamt &#8211; erf\u00fcllt mich mit grosser Befriedigung.<\/p>\n","protected":false},"excerpt":{"rendered":"<p>Politische Stationen 2022 und 2018 Wiederwahl als Grossr\u00e4tin mit einem Spitzenresultat 2014 &#8211; 2018 Pr\u00e4sidentin SP Kanton Bern 2014 Wiederwahl als Grossr\u00e4tin mit der h\u00f6chsten Stimmenzahl aller Kandidierender 2013 Eintritt in den Grossen Rat (Finanzkommission) 2012 Stadtratspr\u00e4sidentin 2006-2013 Stadtr\u00e4tin (Agglomerationskommission, Kommission f\u00fcr Soziales, Bildung, Kultur) 1998-2000 Co-Pr\u00e4sidentin SP Frauen Stadt Bern 1997-2005 Vorstand SP L\u00e4nggasse-Felsenau [&hellip;]<\/p>\n","protected":false},"author":3,"featured_media":218,"parent":0,"menu_order":0,"comment_status":"closed","ping_status":"closed","template":"","meta":[],"acf":[],"_links":{"self":[{"href":"https:\/\/ursulamarti.ch\/index.php?rest_route=\/wp\/v2\/pages\/2281"}],"collection":[{"href":"https:\/\/ursulamarti.ch\/index.php?rest_route=\/wp\/v2\/pages"}],"about":[{"href":"https:\/\/ursulamarti.ch\/index.php?rest_route=\/wp\/v2\/types\/page"}],"author":[{"embeddable":true,"href":"https:\/\/ursulamarti.ch\/index.php?rest_route=\/wp\/v2\/users\/3"}],"replies":[{"embeddable":true,"href":"https:\/\/ursulamarti.ch\/index.php?rest_route=%2Fwp%2Fv2%2Fcomments&post=2281"}],"version-history":[{"count":3,"href":"https:\/\/ursulamarti.ch\/index.php?rest_route=\/wp\/v2\/pages\/2281\/revisions"}],"predecessor-version":[{"id":2460,"href":"https:\/\/ursulamarti.ch\/index.php?rest_route=\/wp\/v2\/pages\/2281\/revisions\/2460"}],"wp:featuredmedia":[{"embeddable":true,"href":"https:\/\/ursulamarti.ch\/index.php?rest_route=\/wp\/v2\/media\/218"}],"wp:attachment":[{"href":"https:\/\/ursulamarti.ch\/index.php?rest_route=%2Fwp%2Fv2%2Fmedia&parent=2281"}],"curies":[{"name":"wp","href":"https:\/\/api.w.org\/{rel}","templated":true}]}}