{"id":2274,"date":"2022-02-28T01:05:45","date_gmt":"2022-02-27T23:05:45","guid":{"rendered":"https:\/\/ursulamarti.ch\/?page_id=2274"},"modified":"2026-01-30T01:37:10","modified_gmt":"2026-01-29T23:37:10","slug":"grosser-rat","status":"publish","type":"page","link":"https:\/\/ursulamarti.ch\/?page_id=2274","title":{"rendered":"Grosser Rat"},"content":{"rendered":"<p>Ich bin seit 2013 Mitglied des Grossen Rats des Kantons Bern. Im M\u00e4rz 2022 wurde ich mit dem besten Resultat in der Stadt Bern wiedergew\u00e4hlt. Der Grosse Rat tagt w\u00e4hrend 4 Sessionen pro Jahr. Ein wichtiger Teil der politischen Arbeit findet in den Kommissionen statt. Ich war 8 Jahre Mitglied der Finanzkommission, wo ich mich intensiv f\u00fcr Steuergerechtigkeit einsetzte. Seit 2022 bin ich Mitglied der Bildungskommission, bei der ich letztes Jahr das Vizepr\u00e4sidium \u00fcbernehmen durfte, sowie der Kommission f\u00fcr Staatspolitik und Aussenbeziehungen.<\/p>\n<p><strong>Kommissionen<\/strong><\/p>\n<ul>\n<li>Kommission f\u00fcr Staatspolitik und Aussenbeziehungen (seit 2022) <a href=\"https:\/\/www.gr.be.ch\/de\/start\/grosser-rat\/organisation\/kommissionen\/sak_kommission-fuer-staatspolitik-und-aussenbeziehungen.html\">Infos SAK<\/a><\/li>\n<li>Bildungskommission (seit 2022), Vizepr\u00e4sidentin <a href=\"https:\/\/www.gr.be.ch\/de\/start\/grosser-rat\/organisation\/kommissionen\/bik_bildungskommission.html\">Infos BiK<\/a><\/li>\n<li>Finanzkommission (2014 &#8211; 2021)\u00a0 <a href=\"https:\/\/www.gr.be.ch\/de\/start\/grosser-rat\/organisation\/kommissionen\/fiko_finanzkommission.html\">Infos Fiko<\/a><\/li>\n<li>Bildungskommission Ersatzmitglied (2017)<\/li>\n<li>Revision Berufsbildungsgesetz (2013\/14)<\/li>\n<li>Gegenvorschlag zur Initiative M\u00fchleberg vom Netz (2013)<\/li>\n<li>Vorkehrungen bei AKW-Havarie M\u00fchleberg (2013)<\/li>\n<li>Begleitgruppe Umwelt neues Frauengef\u00e4ngnis (2013)<\/li>\n<li>Gesetz \u00fcber das \u00f6ffentliche Beschaffungswesen (2013)<\/li>\n<\/ul>\n<p><strong>Eingereichte Vorst\u00f6sse und weitere Infos:<\/strong>\u00a0<a href=\"https:\/\/www.gr.be.ch\/de\/start\/grosser-rat\/mitglieder\/mitgliedersuche\/mitgliederdetail.html?guid=38784a6dc51b47eb85360bfc5d27e16c\" target=\"_blank\" rel=\"noopener noreferrer\">hier<\/a><\/p>\n","protected":false},"excerpt":{"rendered":"<p>Ich bin seit 2013 Mitglied des Grossen Rats des Kantons Bern. Im M\u00e4rz 2022 wurde ich mit dem besten Resultat in der Stadt Bern wiedergew\u00e4hlt. Der Grosse Rat tagt w\u00e4hrend 4 Sessionen pro Jahr. Ein wichtiger Teil der politischen Arbeit findet in den Kommissionen statt. Ich war 8 Jahre Mitglied der Finanzkommission, wo ich mich [&hellip;]<\/p>\n","protected":false},"author":3,"featured_media":1275,"parent":2299,"menu_order":0,"comment_status":"closed","ping_status":"closed","template":"","meta":[],"acf":[],"_links":{"self":[{"href":"https:\/\/ursulamarti.ch\/index.php?rest_route=\/wp\/v2\/pages\/2274"}],"collection":[{"href":"https:\/\/ursulamarti.ch\/index.php?rest_route=\/wp\/v2\/pages"}],"about":[{"href":"https:\/\/ursulamarti.ch\/index.php?rest_route=\/wp\/v2\/types\/page"}],"author":[{"embeddable":true,"href":"https:\/\/ursulamarti.ch\/index.php?rest_route=\/wp\/v2\/users\/3"}],"replies":[{"embeddable":true,"href":"https:\/\/ursulamarti.ch\/index.php?rest_route=%2Fwp%2Fv2%2Fcomments&post=2274"}],"version-history":[{"count":3,"href":"https:\/\/ursulamarti.ch\/index.php?rest_route=\/wp\/v2\/pages\/2274\/revisions"}],"predecessor-version":[{"id":2459,"href":"https:\/\/ursulamarti.ch\/index.php?rest_route=\/wp\/v2\/pages\/2274\/revisions\/2459"}],"up":[{"embeddable":true,"href":"https:\/\/ursulamarti.ch\/index.php?rest_route=\/wp\/v2\/pages\/2299"}],"wp:featuredmedia":[{"embeddable":true,"href":"https:\/\/ursulamarti.ch\/index.php?rest_route=\/wp\/v2\/media\/1275"}],"wp:attachment":[{"href":"https:\/\/ursulamarti.ch\/index.php?rest_route=%2Fwp%2Fv2%2Fmedia&parent=2274"}],"curies":[{"name":"wp","href":"https:\/\/api.w.org\/{rel}","templated":true}]}}